{"id":5656887,"date":"2017-10-19T08:19:29","date_gmt":"2017-10-19T05:19:29","guid":{"rendered":"https:\/\/parametrically.com\/contact\/"},"modified":"2022-07-06T20:57:00","modified_gmt":"2022-07-06T17:57:00","slug":"contact","status":"publish","type":"page","link":"https:\/\/parametrically.com\/en\/contact\/","title":{"rendered":"Contact"},"content":{"rendered":"<div class=\"wpb-content-wrapper\">[vc_row use_through_lines=&#8221;1&#8243;][vc_column css=&#8221;.vc_custom_1502450761306{padding-top: 0px !important;}&#8221;][vc_empty_space height=&#8221;90px&#8221; el_class=&#8221;norebro-phone-space&#8221;][\/vc_column][\/vc_row][vc_row use_through_lines=&#8221;1&#8243;][vc_column width=&#8221;1\/4&#8243;]<div class=\"norebro-heading-sc heading text-left\"\n\tid=\"norebro-custom-69e02fb33a24f\" \n\t \n\t>\n\t\n\t\n\t\n\t<h3 class=\"title\">\n\t\tKeep In Touch\t<\/h3>\n\n\t\n\t\t\n<\/div>[\/vc_column][vc_column width=&#8221;1\/4&#8243;]<div class=\"norebro-heading-sc heading text-left\"\n\tid=\"norebro-custom-69e02fb33a3cd\" \n\t \n\t>\n\t\n\t\n\t\n\t<h3 class=\"title\">\n\t\tCall Us\t<\/h3>\n\n\t\n\t\t\t<p class=\"subtitle\">\n\t\t\t\t\t<\/p>\n\t\t\n<\/div><div class=\"norebro-text-sc \" \n\tid=\"norebro-custom-69e02fb33a4d6\" \n\t \n\t>\n\n\t<p>+90 216 545 44 35<br \/>\n+90 506 657 30 46<\/p>\n\t\n<\/div>[\/vc_column][vc_column width=&#8221;1\/4&#8243;]<div class=\"norebro-heading-sc heading text-left\"\n\tid=\"norebro-custom-69e02fb33a5cc\" \n\t \n\t>\n\t\n\t\n\t\n\t<h3 class=\"title\">\n\t\tE-Mail\t<\/h3>\n\n\t\n\t\t\t<p class=\"subtitle\">\n\t\t\t\t\t<\/p>\n\t\t\n<\/div><div class=\"norebro-text-sc \" \n\tid=\"norebro-custom-69e02fb33a6f7\" \n\t \n\t>\n\n\t<p>info@parametrically.com<\/p>\n\t\n<\/div>[\/vc_column][vc_column width=&#8221;1\/4&#8243;]<div class=\"norebro-heading-sc heading text-left\"\n\tid=\"norebro-custom-69e02fb33a7c2\" \n\t \n\t>\n\t\n\t\n\t\n\t<h3 class=\"title\">\n\t\tAddress\t<\/h3>\n\n\t\n\t\t\t<p class=\"subtitle\">\n\t\t\t\t\t<\/p>\n\t\t\n<\/div><div class=\"norebro-text-sc \" \n\tid=\"norebro-custom-69e02fb33a8b0\" \n\t \n\t>\n\n\t<p>Ko\u015fuyolu Mah. Ali Nazime Sok. No:27 D:3 Kad\u0131k\u00f6y \/ \u0130STANBUL<\/p>\n\t\n<\/div>[\/vc_column][\/vc_row][vc_row use_through_lines=&#8221;1&#8243;][vc_column width=&#8221;1\/4&#8243;]<div class=\"norebro-heading-sc heading text-left\"\n\tid=\"norebro-custom-69e02fb33a976\" \n\t \n\t>\n\t\n\t\n\t\n\t<h3 class=\"title\">\n\t\tContact us\t<\/h3>\n\n\t\n\t\t\n<\/div>[\/vc_column][vc_column width=&#8221;3\/4&#8243;]<div class=\"norebro-contact-from-sc contact-form  text-left classic\"\n\tid=\"norebro-custom-69e02fb33aa61\" \n\t \n\t>\n\n\t\n<div class=\"wpcf7 no-js\" id=\"wpcf7-f5656917-o1\" lang=\"tr-TR\" dir=\"ltr\" data-wpcf7-id=\"5656917\">\n<div class=\"screen-reader-response\"><p role=\"status\" aria-live=\"polite\" aria-atomic=\"true\"><\/p> <ul><\/ul><\/div>\n<form action=\"\/en\/wp-json\/wp\/v2\/pages\/5656887#wpcf7-f5656917-o1\" method=\"post\" class=\"wpcf7-form init\" aria-label=\"\u0130leti\u015fim Formu\" novalidate=\"novalidate\" data-status=\"init\">\n<fieldset class=\"hidden-fields-container\"><input type=\"hidden\" name=\"_wpcf7\" value=\"5656917\" \/><input type=\"hidden\" name=\"_wpcf7_version\" value=\"6.1.5\" \/><input type=\"hidden\" name=\"_wpcf7_locale\" value=\"tr_TR\" \/><input type=\"hidden\" name=\"_wpcf7_unit_tag\" value=\"wpcf7-f5656917-o1\" \/><input type=\"hidden\" name=\"_wpcf7_container_post\" value=\"0\" \/><input type=\"hidden\" name=\"_wpcf7_posted_data_hash\" value=\"\" \/>\n<\/fieldset>\n<div>\n\t<p><label> Your Name<br \/>\n<span class=\"wpcf7-form-control-wrap\" data-name=\"adi\"><input size=\"40\" maxlength=\"400\" class=\"wpcf7-form-control wpcf7-text wpcf7-validates-as-required\" aria-required=\"true\" aria-invalid=\"false\" value=\"\" type=\"text\" name=\"adi\" \/><\/span> <\/label>\n\t<\/p>\n\t<p><label> E-mail<br \/>\n<span class=\"wpcf7-form-control-wrap\" data-name=\"maili\"><input size=\"40\" maxlength=\"400\" class=\"wpcf7-form-control wpcf7-email wpcf7-validates-as-required wpcf7-text wpcf7-validates-as-email\" aria-required=\"true\" aria-invalid=\"false\" value=\"\" type=\"email\" name=\"maili\" \/><\/span> <\/label>\n\t<\/p>\n\t<p><label> Subject<br \/>\n<span class=\"wpcf7-form-control-wrap\" data-name=\"konusu\"><input size=\"40\" maxlength=\"400\" class=\"wpcf7-form-control wpcf7-text wpcf7-validates-as-required\" aria-required=\"true\" aria-invalid=\"false\" value=\"\" type=\"text\" name=\"konusu\" \/><\/span> <\/label>\n\t<\/p>\n\t<p><label> Message<br \/>\n<span class=\"wpcf7-form-control-wrap\" data-name=\"mesaji\"><textarea cols=\"40\" rows=\"10\" maxlength=\"2000\" class=\"wpcf7-form-control wpcf7-textarea wpcf7-validates-as-required\" aria-required=\"true\" aria-invalid=\"false\" name=\"mesaji\"><\/textarea><\/span> <\/label>\n\t<\/p>\n\t<p><label style=\"display: flex;\" > <span class=\"wpcf7-form-control-wrap\" data-name=\"kvkk-cerez-onay\"><span class=\"wpcf7-form-control wpcf7-checkbox wpcf7-validates-as-required\"><span class=\"wpcf7-list-item first last\"><input type=\"checkbox\" name=\"kvkk-cerez-onay[]\" value=\"\" \/><span class=\"wpcf7-list-item-label\"><\/span><\/span><\/span><\/span><br \/>\n&nbsp; <span> I have read and approved the <\/span> &nbsp; <a target=\"_blank\" href=\"\/en\/kvkk-clarification-text\">KVKK Clarification Text &nbsp; <\/a> <span> and <\/span> <a target=\"_blank\" href=\"\/en\/privacy-and-cookie-policy\"> &nbsp; Privacy - Cookie Policy<\/a><\/label>\n\t<\/p>\n\t<p><input class=\"wpcf7-form-control wpcf7-submit has-spinner param-blue-color\" type=\"submit\" value=\"Submit\" \/>\n\t<\/p>\n<\/div><div class=\"wpcf7-response-output\" aria-hidden=\"true\"><\/div>\n<\/form>\n<\/div>\n\n\t<div class=\"hidden\" data-contact-btn=\"true\">\n\t\t<button class=\"btn  btn-outline\">\n\t\t\t<span class=\"btn-load\"><\/span>\n\t\t\t<span class=\"text\"><\/span>\n\t\t<\/button>\n\t<\/div>\n<\/div>[vc_empty_space][\/vc_column][\/vc_row][vc_row full_width=&#8221;stretch_row_content&#8221;][vc_column][vc_gmaps link=&#8221;#E-8_JTNDaWZyYW1lJTIwc3JjJTNEJTIyaHR0cHMlM0ElMkYlMkZ3d3cuZ29vZ2xlLmNvbSUyRm1hcHMlMkZlbWJlZCUzRnBiJTNEJTIxMW0xNCUyMTFtOCUyMTFtMyUyMTFkMTg4LjE3NDY4MTkxNTU4NDE2JTIxMmQyOS4wMzc3OTQ1JTIxM2Q0MS4wMDc4NjE5JTIxM20yJTIxMWkxMDI0JTIxMmk3NjglMjE0ZjEzLjElMjEzbTMlMjExbTIlMjExczB4MTRjYWI3OGExZTg5NTQ1ZiUyNTNBMHgyMjYyNzViYWFkZTE3MzIyJTIxMnNQYXJhbWV0cmljYWxseSUyNTIwQXJjaGl0ZWN0dXJlJTIxNWUwJTIxM20yJTIxMXN0ciUyMTJzdHIlMjE0djE2NTQ1OTE4NDM2MzclMjE1bTIlMjExc3RyJTIxMnN0ciUyMiUyMHdpZHRoJTNEJTIyNjAwJTIyJTIwaGVpZ2h0JTNEJTIyNDUwJTIyJTIwc3R5bGUlM0QlMjJib3JkZXIlM0EwJTNCJTIyJTIwYWxsb3dmdWxsc2NyZWVuJTNEJTIyJTIyJTIwbG9hZGluZyUzRCUyMmxhenklMjIlMjByZWZlcnJlcnBvbGljeSUzRCUyMm5vLXJlZmVycmVyLXdoZW4tZG93bmdyYWRlJTIyJTNFJTNDJTJGaWZyYW1lJTNF&#8221;][\/vc_column][\/vc_row]\n<\/div>","protected":false},"excerpt":{"rendered":"<p>[vc_row use_through_lines=&#8221;1&#8243;][vc_column css=&#8221;.vc_custom_1502450761306{padding-top: 0px !important;}&#8221;][vc_empty_space height=&#8221;90px&#8221; el_class=&#8221;norebro-phone-space&#8221;][\/vc_column][\/vc_row][vc_row use_through_lines=&#8221;1&#8243;][vc_column width=&#8221;1\/4&#8243;][\/vc_column][vc_column width=&#8221;1\/4&#8243;][\/vc_column][vc_column width=&#8221;1\/4&#8243;][\/vc_column][vc_column width=&#8221;1\/4&#8243;][\/vc_column][\/vc_row][vc_row use_through_lines=&#8221;1&#8243;][vc_column width=&#8221;1\/4&#8243;][\/vc_column][vc_column&#8230;<\/p>\n","protected":false},"author":1,"featured_media":0,"parent":0,"menu_order":0,"comment_status":"closed","ping_status":"closed","template":"","meta":{"_acf_changed":false,"inline_featured_image":false,"footnotes":""},"class_list":["post-5656887","page","type-page","status-publish","hentry"],"acf":[],"yoast_head":"<!-- This site is optimized with the Yoast SEO plugin v27.4 - https:\/\/yoast.com\/product\/yoast-seo-wordpress\/ -->\n<title>Contact - Parametrically<\/title>\n<meta name=\"robots\" content=\"index, follow, max-snippet:-1, max-image-preview:large, max-video-preview:-1\" \/>\n<link rel=\"canonical\" href=\"https:\/\/parametrically.com\/en\/contact\/\" \/>\n<meta property=\"og:locale\" content=\"en_US\" \/>\n<meta property=\"og:type\" content=\"article\" \/>\n<meta property=\"og:title\" content=\"Contact - Parametrically\" \/>\n<meta property=\"og:description\" content=\"[vc_row use_through_lines=&#8221;1&#8243;][vc_column css=&#8221;.vc_custom_1502450761306{padding-top: 0px !important;}&#8221;][vc_empty_space height=&#8221;90px&#8221; el_class=&#8221;norebro-phone-space&#8221;][\/vc_column][\/vc_row][vc_row use_through_lines=&#8221;1&#8243;][vc_column width=&#8221;1\/4&#8243;][\/vc_column][vc_column width=&#8221;1\/4&#8243;][\/vc_column][vc_column width=&#8221;1\/4&#8243;][\/vc_column][vc_column width=&#8221;1\/4&#8243;][\/vc_column][\/vc_row][vc_row use_through_lines=&#8221;1&#8243;][vc_column width=&#8221;1\/4&#8243;][\/vc_column][vc_column...\" \/>\n<meta property=\"og:url\" content=\"https:\/\/parametrically.com\/en\/contact\/\" \/>\n<meta property=\"og:site_name\" content=\"Parametrically\" \/>\n<meta property=\"article:modified_time\" content=\"2022-07-06T17:57:00+00:00\" \/>\n<meta name=\"twitter:card\" content=\"summary_large_image\" \/>\n<meta name=\"twitter:site\" content=\"@AllyParametric\" \/>\n<meta name=\"twitter:label1\" content=\"Est. reading time\" \/>\n\t<meta name=\"twitter:data1\" content=\"2 minutes\" \/>\n<script type=\"application\/ld+json\" class=\"yoast-schema-graph\">{\"@context\":\"https:\\\/\\\/schema.org\",\"@graph\":[{\"@type\":\"WebPage\",\"@id\":\"https:\\\/\\\/parametrically.com\\\/en\\\/contact\\\/\",\"url\":\"https:\\\/\\\/parametrically.com\\\/en\\\/contact\\\/\",\"name\":\"Contact - Parametrically\",\"isPartOf\":{\"@id\":\"https:\\\/\\\/parametrically.com\\\/#website\"},\"datePublished\":\"2017-10-19T05:19:29+00:00\",\"dateModified\":\"2022-07-06T17:57:00+00:00\",\"breadcrumb\":{\"@id\":\"https:\\\/\\\/parametrically.com\\\/en\\\/contact\\\/#breadcrumb\"},\"inLanguage\":\"en-US\",\"potentialAction\":[{\"@type\":\"ReadAction\",\"target\":[\"https:\\\/\\\/parametrically.com\\\/en\\\/contact\\\/\"]}]},{\"@type\":\"BreadcrumbList\",\"@id\":\"https:\\\/\\\/parametrically.com\\\/en\\\/contact\\\/#breadcrumb\",\"itemListElement\":[{\"@type\":\"ListItem\",\"position\":1,\"name\":\"Anasayfa\",\"item\":\"https:\\\/\\\/parametrically.com\\\/en\\\/\"},{\"@type\":\"ListItem\",\"position\":2,\"name\":\"Contact\"}]},{\"@type\":\"WebSite\",\"@id\":\"https:\\\/\\\/parametrically.com\\\/#website\",\"url\":\"https:\\\/\\\/parametrically.com\\\/\",\"name\":\"Parametrically\",\"description\":\"\",\"publisher\":{\"@id\":\"https:\\\/\\\/parametrically.com\\\/#organization\"},\"potentialAction\":[{\"@type\":\"SearchAction\",\"target\":{\"@type\":\"EntryPoint\",\"urlTemplate\":\"https:\\\/\\\/parametrically.com\\\/?s={search_term_string}\"},\"query-input\":{\"@type\":\"PropertyValueSpecification\",\"valueRequired\":true,\"valueName\":\"search_term_string\"}}],\"inLanguage\":\"en-US\"},{\"@type\":\"Organization\",\"@id\":\"https:\\\/\\\/parametrically.com\\\/#organization\",\"name\":\"Parametrically\",\"url\":\"https:\\\/\\\/parametrically.com\\\/\",\"logo\":{\"@type\":\"ImageObject\",\"inLanguage\":\"en-US\",\"@id\":\"https:\\\/\\\/parametrically.com\\\/#\\\/schema\\\/logo\\\/image\\\/\",\"url\":\"https:\\\/\\\/parametrically.com\\\/wp-content\\\/uploads\\\/2022\\\/06\\\/Frame-1-1.png\",\"contentUrl\":\"https:\\\/\\\/parametrically.com\\\/wp-content\\\/uploads\\\/2022\\\/06\\\/Frame-1-1.png\",\"width\":300,\"height\":50,\"caption\":\"Parametrically\"},\"image\":{\"@id\":\"https:\\\/\\\/parametrically.com\\\/#\\\/schema\\\/logo\\\/image\\\/\"},\"sameAs\":[\"https:\\\/\\\/x.com\\\/AllyParametric\",\"https:\\\/\\\/www.instagram.com\\\/parametric.ally\\\/\",\"https:\\\/\\\/www.linkedin.com\\\/company\\\/parametrically\"]}]}<\/script>\n<!-- \/ Yoast SEO plugin. -->","yoast_head_json":{"title":"Contact - Parametrically","robots":{"index":"index","follow":"follow","max-snippet":"max-snippet:-1","max-image-preview":"max-image-preview:large","max-video-preview":"max-video-preview:-1"},"canonical":"https:\/\/parametrically.com\/en\/contact\/","og_locale":"en_US","og_type":"article","og_title":"Contact - Parametrically","og_description":"[vc_row use_through_lines=&#8221;1&#8243;][vc_column css=&#8221;.vc_custom_1502450761306{padding-top: 0px !important;}&#8221;][vc_empty_space height=&#8221;90px&#8221; el_class=&#8221;norebro-phone-space&#8221;][\/vc_column][\/vc_row][vc_row use_through_lines=&#8221;1&#8243;][vc_column width=&#8221;1\/4&#8243;][\/vc_column][vc_column width=&#8221;1\/4&#8243;][\/vc_column][vc_column width=&#8221;1\/4&#8243;][\/vc_column][vc_column width=&#8221;1\/4&#8243;][\/vc_column][\/vc_row][vc_row use_through_lines=&#8221;1&#8243;][vc_column width=&#8221;1\/4&#8243;][\/vc_column][vc_column...","og_url":"https:\/\/parametrically.com\/en\/contact\/","og_site_name":"Parametrically","article_modified_time":"2022-07-06T17:57:00+00:00","twitter_card":"summary_large_image","twitter_site":"@AllyParametric","twitter_misc":{"Est. reading time":"2 minutes"},"schema":{"@context":"https:\/\/schema.org","@graph":[{"@type":"WebPage","@id":"https:\/\/parametrically.com\/en\/contact\/","url":"https:\/\/parametrically.com\/en\/contact\/","name":"Contact - Parametrically","isPartOf":{"@id":"https:\/\/parametrically.com\/#website"},"datePublished":"2017-10-19T05:19:29+00:00","dateModified":"2022-07-06T17:57:00+00:00","breadcrumb":{"@id":"https:\/\/parametrically.com\/en\/contact\/#breadcrumb"},"inLanguage":"en-US","potentialAction":[{"@type":"ReadAction","target":["https:\/\/parametrically.com\/en\/contact\/"]}]},{"@type":"BreadcrumbList","@id":"https:\/\/parametrically.com\/en\/contact\/#breadcrumb","itemListElement":[{"@type":"ListItem","position":1,"name":"Anasayfa","item":"https:\/\/parametrically.com\/en\/"},{"@type":"ListItem","position":2,"name":"Contact"}]},{"@type":"WebSite","@id":"https:\/\/parametrically.com\/#website","url":"https:\/\/parametrically.com\/","name":"Parametrically","description":"","publisher":{"@id":"https:\/\/parametrically.com\/#organization"},"potentialAction":[{"@type":"SearchAction","target":{"@type":"EntryPoint","urlTemplate":"https:\/\/parametrically.com\/?s={search_term_string}"},"query-input":{"@type":"PropertyValueSpecification","valueRequired":true,"valueName":"search_term_string"}}],"inLanguage":"en-US"},{"@type":"Organization","@id":"https:\/\/parametrically.com\/#organization","name":"Parametrically","url":"https:\/\/parametrically.com\/","logo":{"@type":"ImageObject","inLanguage":"en-US","@id":"https:\/\/parametrically.com\/#\/schema\/logo\/image\/","url":"https:\/\/parametrically.com\/wp-content\/uploads\/2022\/06\/Frame-1-1.png","contentUrl":"https:\/\/parametrically.com\/wp-content\/uploads\/2022\/06\/Frame-1-1.png","width":300,"height":50,"caption":"Parametrically"},"image":{"@id":"https:\/\/parametrically.com\/#\/schema\/logo\/image\/"},"sameAs":["https:\/\/x.com\/AllyParametric","https:\/\/www.instagram.com\/parametric.ally\/","https:\/\/www.linkedin.com\/company\/parametrically"]}]}},"_links":{"self":[{"href":"https:\/\/parametrically.com\/en\/wp-json\/wp\/v2\/pages\/5656887","targetHints":{"allow":["GET"]}}],"collection":[{"href":"https:\/\/parametrically.com\/en\/wp-json\/wp\/v2\/pages"}],"about":[{"href":"https:\/\/parametrically.com\/en\/wp-json\/wp\/v2\/types\/page"}],"author":[{"embeddable":true,"href":"https:\/\/parametrically.com\/en\/wp-json\/wp\/v2\/users\/1"}],"replies":[{"embeddable":true,"href":"https:\/\/parametrically.com\/en\/wp-json\/wp\/v2\/comments?post=5656887"}],"version-history":[{"count":3,"href":"https:\/\/parametrically.com\/en\/wp-json\/wp\/v2\/pages\/5656887\/revisions"}],"predecessor-version":[{"id":5656920,"href":"https:\/\/parametrically.com\/en\/wp-json\/wp\/v2\/pages\/5656887\/revisions\/5656920"}],"wp:attachment":[{"href":"https:\/\/parametrically.com\/en\/wp-json\/wp\/v2\/media?parent=5656887"}],"curies":[{"name":"wp","href":"https:\/\/api.w.org\/{rel}","templated":true}]}}